	{"id":19,"date":"2023-02-23T11:00:20","date_gmt":"2023-02-23T10:00:20","guid":{"rendered":"https:\/\/reiki.sereconnecteralavie.com\/?page_id=19"},"modified":"2023-02-27T13:36:19","modified_gmt":"2023-02-27T12:36:19","slug":"contact","status":"publish","type":"page","link":"https:\/\/reiki.sereconnecteralavie.com\/index.php\/contact\/","title":{"rendered":"Contact"},"content":{"rendered":"\t\t<div data-elementor-type=\"wp-page\" data-elementor-id=\"19\" class=\"elementor elementor-19\">\n\t\t\t\t\t\t<section class=\"elementor-section elementor-top-section elementor-element elementor-element-2ae54ede elementor-section-boxed elementor-section-height-default elementor-section-height-default elementor-invisible\" data-id=\"2ae54ede\" data-element_type=\"section\" data-e-type=\"section\" data-settings=\"{&quot;animation&quot;:&quot;fadeInRight&quot;}\">\n\t\t\t\t\t\t<div class=\"elementor-container elementor-column-gap-default\">\n\t\t\t\t\t<div class=\"elementor-column elementor-col-100 elementor-top-column elementor-element elementor-element-6db5d91c\" data-id=\"6db5d91c\" data-element_type=\"column\" data-e-type=\"column\">\n\t\t\t<div class=\"elementor-widget-wrap elementor-element-populated\">\n\t\t\t\t\t\t<div class=\"elementor-element elementor-element-3f871295 elementor-widget elementor-widget-text-editor\" data-id=\"3f871295\" data-element_type=\"widget\" data-e-type=\"widget\" data-widget_type=\"text-editor.default\">\n\t\t\t\t<div class=\"elementor-widget-container\">\n\t\t\t\t\t\t\t\t\t\n<h1 class=\"wp-block-heading\"><img decoding=\"async\" src=\"http:\/\/sereconnecteralavie.com\/wp-content\/uploads\/2020\/11\/cathy.jpg\" alt=\"\" class=\"wp-image-125\" width=\"85\" height=\"113\"><b>&nbsp;&nbsp;&nbsp;&nbsp;&nbsp;&nbsp;Catherine CACQUEVEL<\/b><\/h1>\n\n\n<div class=\"wp-block-image\">\n<figure class=\"aligncenter size-large is-resized\"><img decoding=\"async\" src=\"http:\/\/sereconnecteralavie.com\/wp-content\/uploads\/2020\/11\/paragr.gif\" alt=\"\" class=\"wp-image-113\" width=\"333\" height=\"30\"\/><\/figure>\n<\/div>\n\n\n<h2 class=\"has-text-align-center wp-block-heading\">Courriel : catherine_cacquevel@yahoo.fr<br><br>T\u00e9l\u00e9phone : 06.30.81.29.12<\/h2>\n\n\n<div class=\"wp-block-image\">\n<figure class=\"aligncenter size-large is-resized\"><img decoding=\"async\" src=\"http:\/\/sereconnecteralavie.com\/wp-content\/uploads\/2020\/11\/paragr.gif\" alt=\"\" class=\"wp-image-113\" width=\"333\" height=\"30\"\/><\/figure>\n<\/div>\n\t\t\t\t\t\t\t\t<\/div>\n\t\t\t\t<\/div>\n\t\t\t\t\t<\/div>\n\t\t<\/div>\n\t\t\t\t\t<\/div>\n\t\t<\/section>\n\t\t\t\t<section class=\"elementor-section elementor-top-section elementor-element elementor-element-4d362945 elementor-section-boxed elementor-section-height-default elementor-section-height-default elementor-invisible\" data-id=\"4d362945\" data-element_type=\"section\" data-e-type=\"section\" data-settings=\"{&quot;animation&quot;:&quot;fadeInLeft&quot;}\">\n\t\t\t\t\t\t<div class=\"elementor-container elementor-column-gap-default\">\n\t\t\t\t\t<div class=\"elementor-column elementor-col-100 elementor-top-column elementor-element elementor-element-40184875\" data-id=\"40184875\" data-element_type=\"column\" data-e-type=\"column\">\n\t\t\t<div class=\"elementor-widget-wrap elementor-element-populated\">\n\t\t\t\t\t\t<div class=\"elementor-element elementor-element-30793c0 elementor-widget elementor-widget-text-editor\" data-id=\"30793c0\" data-element_type=\"widget\" data-e-type=\"widget\" data-widget_type=\"text-editor.default\">\n\t\t\t\t<div class=\"elementor-widget-container\">\n\t\t\t\t\t\t\t\t\t<p><\/p><p class=\"has-text-align-center\"><strong>Avranches<\/strong>, 50300 \u2013 (Manche) \u2013 39 rue de la Constitution<\/p><p><\/p><p><\/p><p class=\"has-text-align-center\"><strong>pr\u00e8s de Dinan, <\/strong>au 8 le Bois Guillaume 22130 Corseul <br \/>\u2013 (C\u00f4tes d\u2019Armor) \u2013<\/p><p><\/p><p><div class=\"wp-block-image\"><\/p><figure class=\"aligncenter size-large\"><img decoding=\"async\" class=\"wp-image-266\" src=\"http:\/\/sereconnecteralavie.com\/wp-content\/uploads\/2020\/11\/paragr.gif\" alt=\"\" \/><\/figure><p><\/div><\/p>\t\t\t\t\t\t\t\t<\/div>\n\t\t\t\t<\/div>\n\t\t\t\t\t<\/div>\n\t\t<\/div>\n\t\t\t\t\t<\/div>\n\t\t<\/section>\n\t\t\t\t<section class=\"elementor-section elementor-top-section elementor-element elementor-element-4d9983fc elementor-section-boxed elementor-section-height-default elementor-section-height-default elementor-invisible\" data-id=\"4d9983fc\" data-element_type=\"section\" data-e-type=\"section\" data-settings=\"{&quot;animation&quot;:&quot;fadeInRight&quot;}\">\n\t\t\t\t\t\t<div class=\"elementor-container elementor-column-gap-default\">\n\t\t\t\t\t<div class=\"elementor-column elementor-col-100 elementor-top-column elementor-element elementor-element-7fd6e3bc\" data-id=\"7fd6e3bc\" data-element_type=\"column\" data-e-type=\"column\">\n\t\t\t<div class=\"elementor-widget-wrap elementor-element-populated\">\n\t\t\t\t\t\t<div class=\"elementor-element elementor-element-4d330af7 elementor-widget elementor-widget-text-editor\" data-id=\"4d330af7\" data-element_type=\"widget\" data-e-type=\"widget\" data-widget_type=\"text-editor.default\">\n\t\t\t\t<div class=\"elementor-widget-container\">\n\t\t\t\t\t\t\t\t\t<p><\/p><h2 class=\"has-text-align-center wp-block-heading\"><strong>Ma\u00eetre Enseignante Reiki depuis 2010<\/strong><\/h2><p><\/p><p><\/p><p id=\"xparagr\">Le Reiki est avant tout une pratique de bien-\u00eatre progressif et durable o\u00f9 le bien-\u00eatre durable et parfait est acquis par un recentrage de la personne sur elle-m\u00eame, en prenant en compte sa globalit\u00e9.<br \/>Le soin est effectu\u00e9 <strong>\u2013 au niveau du corps et de l\u2019esprit \u2013<\/strong><br \/>d\u2019o\u00f9 la relaxation par l\u2019apposition des mains sur le corps et la m\u00e9ditation par l\u2019apaisement de l\u2019esprit.<\/p><p><\/p><p><div class=\"wp-block-image\"><\/p><figure class=\"aligncenter size-large is-resized\"><img decoding=\"async\" class=\"wp-image-113\" src=\"http:\/\/sereconnecteralavie.com\/wp-content\/uploads\/2020\/11\/paragr.gif\" alt=\"\" width=\"333\" height=\"30\" \/><\/figure><p><\/div><\/p>\t\t\t\t\t\t\t\t<\/div>\n\t\t\t\t<\/div>\n\t\t\t\t\t<\/div>\n\t\t<\/div>\n\t\t\t\t\t<\/div>\n\t\t<\/section>\n\t\t\t\t<section class=\"elementor-section elementor-top-section elementor-element elementor-element-27fa70a7 elementor-section-boxed elementor-section-height-default elementor-section-height-default elementor-invisible\" data-id=\"27fa70a7\" data-element_type=\"section\" data-e-type=\"section\" data-settings=\"{&quot;animation&quot;:&quot;fadeInLeft&quot;}\">\n\t\t\t\t\t\t<div class=\"elementor-container elementor-column-gap-default\">\n\t\t\t\t\t<div class=\"elementor-column elementor-col-100 elementor-top-column elementor-element elementor-element-36da13a5\" data-id=\"36da13a5\" data-element_type=\"column\" data-e-type=\"column\">\n\t\t\t<div class=\"elementor-widget-wrap elementor-element-populated\">\n\t\t\t\t\t\t<div class=\"elementor-element elementor-element-14c502d1 elementor-widget elementor-widget-text-editor\" data-id=\"14c502d1\" data-element_type=\"widget\" data-e-type=\"widget\" data-widget_type=\"text-editor.default\">\n\t\t\t\t<div class=\"elementor-widget-container\">\n\t\t\t\t\t\t\t\t\t\n<p id=\"xparagr\"><em>Je pr\u00e9cise que je ne fais aucune recommandation, promesse ou garantie, que je ne pose aucun diagnostic et que je ne traite d&rsquo;aucun probl\u00e8me de sant\u00e9 particulier. Votre traitement m\u00e9dical et votre suivi restent sous votre enti\u00e8re responsabilit\u00e9.<\/em><\/p>\n\n\n<div class=\"wp-block-image\">\n<figure class=\"aligncenter size-large is-resized\"><img decoding=\"async\" src=\"http:\/\/sereconnecteralavie.com\/wp-content\/uploads\/2020\/11\/paragr.gif\" alt=\"\" class=\"wp-image-113\" width=\"333\" height=\"30\"\/><\/figure>\n<\/div>\t\t\t\t\t\t\t\t<\/div>\n\t\t\t\t<\/div>\n\t\t\t\t\t<\/div>\n\t\t<\/div>\n\t\t\t\t\t<\/div>\n\t\t<\/section>\n\t\t\t\t<\/div>\n\t\t","protected":false},"excerpt":{"rendered":"<p>&nbsp;&nbsp;&nbsp;&nbsp;&nbsp;&nbsp;Catherine CACQUEVEL Courriel : catherine_cacquevel@yahoo.fr T\u00e9l\u00e9phone : 06.30.81.29.12 Avranches, 50300 \u2013 (Manche) \u2013 39 rue de la Constitution pr\u00e8s de Dinan, au 8 le Bois Guillaume 22130 Corseul \u2013 (C\u00f4tes d\u2019Armor) \u2013 Ma\u00eetre Enseignante Reiki depuis 2010 Le Reiki est avant tout une pratique de bien-\u00eatre progressif et durable o\u00f9 le bien-\u00eatre durable et parfait &hellip; <\/p>\n<p class=\"link-more\"><a href=\"https:\/\/reiki.sereconnecteralavie.com\/index.php\/contact\/\" class=\"more-link\">Continuer la lecture<span class=\"screen-reader-text\"> de &laquo;&nbsp;Contact&nbsp;&raquo;<\/span><\/a><\/p>\n","protected":false},"author":1,"featured_media":0,"parent":0,"menu_order":0,"comment_status":"closed","ping_status":"closed","template":"","meta":{"footnotes":""},"class_list":["post-19","page","type-page","status-publish","hentry"],"_links":{"self":[{"href":"https:\/\/reiki.sereconnecteralavie.com\/index.php\/wp-json\/wp\/v2\/pages\/19","targetHints":{"allow":["GET"]}}],"collection":[{"href":"https:\/\/reiki.sereconnecteralavie.com\/index.php\/wp-json\/wp\/v2\/pages"}],"about":[{"href":"https:\/\/reiki.sereconnecteralavie.com\/index.php\/wp-json\/wp\/v2\/types\/page"}],"author":[{"embeddable":true,"href":"https:\/\/reiki.sereconnecteralavie.com\/index.php\/wp-json\/wp\/v2\/users\/1"}],"replies":[{"embeddable":true,"href":"https:\/\/reiki.sereconnecteralavie.com\/index.php\/wp-json\/wp\/v2\/comments?post=19"}],"version-history":[{"count":1,"href":"https:\/\/reiki.sereconnecteralavie.com\/index.php\/wp-json\/wp\/v2\/pages\/19\/revisions"}],"predecessor-version":[{"id":432,"href":"https:\/\/reiki.sereconnecteralavie.com\/index.php\/wp-json\/wp\/v2\/pages\/19\/revisions\/432"}],"wp:attachment":[{"href":"https:\/\/reiki.sereconnecteralavie.com\/index.php\/wp-json\/wp\/v2\/media?parent=19"}],"curies":[{"name":"wp","href":"https:\/\/api.w.org\/{rel}","templated":true}]}}