	{"id":52,"date":"2023-02-24T03:35:33","date_gmt":"2023-02-24T02:35:33","guid":{"rendered":"https:\/\/reiki.sereconnecteralavie.com\/?page_id=52"},"modified":"2024-09-04T18:15:34","modified_gmt":"2024-09-04T16:15:34","slug":"calendrier","status":"publish","type":"page","link":"https:\/\/reiki.sereconnecteralavie.com\/index.php\/calendrier\/","title":{"rendered":"Calendrier"},"content":{"rendered":"\t\t<div data-elementor-type=\"wp-page\" data-elementor-id=\"52\" class=\"elementor elementor-52\">\n\t\t\t\t\t\t<section class=\"elementor-section elementor-top-section elementor-element elementor-element-cc76d97 elementor-section-boxed elementor-section-height-default elementor-section-height-default\" data-id=\"cc76d97\" data-element_type=\"section\" data-e-type=\"section\">\n\t\t\t\t\t\t<div class=\"elementor-container elementor-column-gap-default\">\n\t\t\t\t\t<div class=\"elementor-column elementor-col-100 elementor-top-column elementor-element elementor-element-5f0c5aa\" data-id=\"5f0c5aa\" data-element_type=\"column\" data-e-type=\"column\">\n\t\t\t<div class=\"elementor-widget-wrap elementor-element-populated\">\n\t\t\t\t\t\t<div class=\"elementor-element elementor-element-c29ef31 elementor-invisible elementor-widget elementor-widget-text-editor\" data-id=\"c29ef31\" data-element_type=\"widget\" data-e-type=\"widget\" data-settings=\"{&quot;_animation&quot;:&quot;bounceIn&quot;}\" data-widget_type=\"text-editor.default\">\n\t\t\t\t<div class=\"elementor-widget-container\">\n\t\t\t\t\t\t\t\t\t<p>Pour des stages le Week End, veuillez me contacter au :<br \/>06.30.81.29.12<\/p><p>Cliquez sur \u00ab\u00a0FORMATION REIKI&#8230;\u00a0\u00bb <span style=\"font-size: 1rem;\">avec les ronds de couleurs pour <strong>continuer<\/strong><\/span><\/p>\t\t\t\t\t\t\t\t<\/div>\n\t\t\t\t<\/div>\n\t\t\t\t\t<\/div>\n\t\t<\/div>\n\t\t\t\t\t<\/div>\n\t\t<\/section>\n\t\t\t\t<section class=\"elementor-section elementor-top-section elementor-element elementor-element-8dd3030 elementor-section-boxed elementor-section-height-default elementor-section-height-default\" data-id=\"8dd3030\" data-element_type=\"section\" data-e-type=\"section\">\n\t\t\t\t\t\t<div class=\"elementor-container elementor-column-gap-default\">\n\t\t\t\t\t<div class=\"elementor-column elementor-col-100 elementor-top-column elementor-element elementor-element-e4f201d\" data-id=\"e4f201d\" data-element_type=\"column\" data-e-type=\"column\">\n\t\t\t<div class=\"elementor-widget-wrap elementor-element-populated\">\n\t\t\t\t\t\t<div class=\"elementor-element elementor-element-1f4c873 elementor-invisible elementor-widget elementor-widget-shortcode\" data-id=\"1f4c873\" data-element_type=\"widget\" data-e-type=\"widget\" data-settings=\"{&quot;_animation&quot;:&quot;bounceIn&quot;}\" data-widget_type=\"shortcode.default\">\n\t\t\t\t<div class=\"elementor-widget-container\">\n\t\t\t\t\t\t\t<div class=\"elementor-shortcode\"><div class=\"mec-wrap mec-skin-list-container  \" id=\"mec_skin_51\">\r\n    \r\n    \r\n        <div class=\"mec-skin-list-events-container\" id=\"mec_skin_events_51\">\r\n        Pas d'\u00e9v\u00e9nement actuellement programm\u00e9.    <\/div>\r\n        \r\n        \r\n<\/div><\/div>\n\t\t\t\t\t\t<\/div>\n\t\t\t\t<\/div>\n\t\t\t\t\t<\/div>\n\t\t<\/div>\n\t\t\t\t\t<\/div>\n\t\t<\/section>\n\t\t\t\t<\/div>\n\t\t","protected":false},"excerpt":{"rendered":"<p>Pour des stages le Week End, veuillez me contacter au :06.30.81.29.12 Cliquez sur \u00ab\u00a0FORMATION REIKI&#8230;\u00a0\u00bb avec les ronds de couleurs pour continuer<\/p>\n","protected":false},"author":1,"featured_media":0,"parent":0,"menu_order":0,"comment_status":"closed","ping_status":"closed","template":"","meta":{"footnotes":""},"class_list":["post-52","page","type-page","status-publish","hentry"],"_links":{"self":[{"href":"https:\/\/reiki.sereconnecteralavie.com\/index.php\/wp-json\/wp\/v2\/pages\/52","targetHints":{"allow":["GET"]}}],"collection":[{"href":"https:\/\/reiki.sereconnecteralavie.com\/index.php\/wp-json\/wp\/v2\/pages"}],"about":[{"href":"https:\/\/reiki.sereconnecteralavie.com\/index.php\/wp-json\/wp\/v2\/types\/page"}],"author":[{"embeddable":true,"href":"https:\/\/reiki.sereconnecteralavie.com\/index.php\/wp-json\/wp\/v2\/users\/1"}],"replies":[{"embeddable":true,"href":"https:\/\/reiki.sereconnecteralavie.com\/index.php\/wp-json\/wp\/v2\/comments?post=52"}],"version-history":[{"count":18,"href":"https:\/\/reiki.sereconnecteralavie.com\/index.php\/wp-json\/wp\/v2\/pages\/52\/revisions"}],"predecessor-version":[{"id":494,"href":"https:\/\/reiki.sereconnecteralavie.com\/index.php\/wp-json\/wp\/v2\/pages\/52\/revisions\/494"}],"wp:attachment":[{"href":"https:\/\/reiki.sereconnecteralavie.com\/index.php\/wp-json\/wp\/v2\/media?parent=52"}],"curies":[{"name":"wp","href":"https:\/\/api.w.org\/{rel}","templated":true}]}}