	{"id":525,"date":"2024-09-21T17:50:12","date_gmt":"2024-09-21T15:50:12","guid":{"rendered":"https:\/\/reiki.sereconnecteralavie.com\/?page_id=525"},"modified":"2024-09-22T20:32:18","modified_gmt":"2024-09-22T18:32:18","slug":"reiki-shihan","status":"publish","type":"page","link":"https:\/\/reiki.sereconnecteralavie.com\/index.php\/quest-ce-que-le-reiki\/reiki-shihan\/","title":{"rendered":"REIKI Shihan"},"content":{"rendered":"\t\t<div data-elementor-type=\"wp-page\" data-elementor-id=\"525\" class=\"elementor elementor-525\">\n\t\t\t\t\t\t<section class=\"elementor-section elementor-top-section elementor-element elementor-element-695eadc0 elementor-section-boxed elementor-section-height-default elementor-section-height-default elementor-invisible\" data-id=\"695eadc0\" data-element_type=\"section\" data-e-type=\"section\" data-settings=\"{&quot;animation&quot;:&quot;bounceInUp&quot;}\">\n\t\t\t\t\t\t<div class=\"elementor-container elementor-column-gap-default\">\n\t\t\t\t\t<div class=\"elementor-column elementor-col-100 elementor-top-column elementor-element elementor-element-5dcb23f3\" data-id=\"5dcb23f3\" data-element_type=\"column\" data-e-type=\"column\">\n\t\t\t<div class=\"elementor-widget-wrap elementor-element-populated\">\n\t\t\t\t\t\t<div class=\"elementor-element elementor-element-57490e17 elementor-widget elementor-widget-text-editor\" data-id=\"57490e17\" data-element_type=\"widget\" data-e-type=\"widget\" data-widget_type=\"text-editor.default\">\n\t\t\t\t<div class=\"elementor-widget-container\">\n\t\t\t\t\t\t\t\t\t\n<h2 class=\"wp-block-heading\">Reiki Niveau\u00a04<\/h2>\n\n\n<div class=\"wp-block-image\">\n<figure class=\"aligncenter size-full is-resized\"><img fetchpriority=\"high\" decoding=\"async\" width=\"680\" height=\"693\" src=\"https:\/\/reiki.sereconnecteralavie.com\/wp-content\/uploads\/2024\/09\/Reiki4.jpg\" alt=\"\" class=\"wp-image-533\" style=\"object-fit:cover;width:250px;height:250px\" srcset=\"https:\/\/reiki.sereconnecteralavie.com\/wp-content\/uploads\/2024\/09\/Reiki4.jpg 680w, https:\/\/reiki.sereconnecteralavie.com\/wp-content\/uploads\/2024\/09\/Reiki4-294x300.jpg 294w\" sizes=\"(max-width: 680px) 100vw, 680px\" \/><\/figure>\n<\/div>\n\n\n<p><strong>Pr\u00e9-requis :<\/strong><\/p>\n\n\n\n<ul class=\"wp-block-list\">\n<li>Avoir obtenu le niveau&nbsp;3 &#8211; une dur\u00e9e de&nbsp;12&nbsp;mois \u00e0 3 ans est g\u00e9n\u00e9ralement recommand\u00e9e entre les 2 formations.<\/li>\n\n\n\n<li>Et proc\u00e9der \u00e0 une r\u00e9vision des 3 niveaux.<\/li>\n<\/ul>\n\n\n\n<p><a><\/a><br><strong>Le niveau 4<\/strong> (Ma\u00eetre Enseignant) de la certification Reiki est destin\u00e9 aux praticiens qui souhaitent am\u00e9liorer leurs connaissances et leurs comp\u00e9tences au plus haut niveau certifiable, et les qualifie pour enseigner des ateliers Reiki et certifier des praticiens Reiki \u00e0 diff\u00e9rents niveaux.<\/p>\n\n\n\n<p>Ce niveau est essentiellement r\u00e9serv\u00e9 aux personnes qui souhaitent enseigner et transmettre leurs connaissances sur le Reiki. On y apprend les protocoles qui sont utilis\u00e9s lors des transmissions \u00e9nerg\u00e9tiques (ou initiations) et comment organiser les stages et leurs contenus.<\/p>\n\n\n\n<p>Chaque niveau demande du travail et de l\u2019investissement personnel.<\/p>\n\n\n\n<p>Et c\u2019est pour cela qu\u2019il y a un \u00ab certain \u00bb d\u00e9lai entre les diff\u00e9rents niveaux : en g\u00e9n\u00e9ral une ann\u00e9e pour passer d\u2019un niveau \u00e0 un autre.<\/p>\n\n\n\n<p>Le temps d\u2019assimiler et d\u2019int\u00e9grer, le temps de pratiquer et de comprendre<strong>.<\/strong><\/p>\n\n\n\n<p>Le temps de \u00ab grandir \u00bb et \u00ab d\u2019\u00e9voluer \u00bb chacun \u00e0 son rythme.<\/p>\n\n\n\n<p>De m\u00eame, certains sentiront l\u2019appel et auront envie de suivre les diff\u00e9rents degr\u00e9s et<\/p>\n\n\n\n<p>\ufeffd\u2019autres ne ressentiront pas ce besoin, et c\u2019est tr\u00e8s bien ainsi. Il n\u2019y a aucune obligation.<\/p>\n\n\n\n<p>Chacun garde son libre arbitre et fait en fonction de ses envies.<\/p>\n\n\n\n<p>On dit souvent que le 4e degr\u00e9 de Reiki, c\u2019est la ma\u00eetrise\u2026<\/p>\n\n\n\n<p><em>Oui, tu ma\u00eetrises le fait d\u2019apprendre \u00e0 un stagiaire \u00e0 faire du Reiki. Perso, je ne me consid\u00e8re pas vraiment comme un <\/em><em>ma\u00eetre Reiki Usui<\/em><em>, je pr\u00e9f\u00e8re le mot <\/em><em><strong>sense\u00ef <\/strong><\/em><em>en japonais. Un mot qu\u2019on peut traduire par professeur, instituteur, guide, garant de la transmission.<\/em><\/p>\n\n\n\n<p><em>La plus grande compr\u00e9hension de mon quatri\u00e8me degr\u00e9 de Reiki est que je ne ma\u00eetrise rien. C\u2019est le l\u00e2cher prise et la confiance au pouvoir de l\u2019Amour, et j\u2019adore cela !<\/em><\/p>\n\n\n\n<p><em><strong>Remise d&rsquo;un manuel complet qui reprend la formation ainsi qu&rsquo;un certificat attestant le niveau 4 de ma\u00eetre enseignant<\/strong><\/em><\/p>\n\n\n\n<p><\/p>\n\t\t\t\t\t\t\t\t<\/div>\n\t\t\t\t<\/div>\n\t\t\t\t\t<\/div>\n\t\t<\/div>\n\t\t\t\t\t<\/div>\n\t\t<\/section>\n\t\t\t\t<\/div>\n\t\t","protected":false},"excerpt":{"rendered":"<p>Reiki Niveau\u00a04 Pr\u00e9-requis : Le niveau 4 (Ma\u00eetre Enseignant) de la certification Reiki est destin\u00e9 aux praticiens qui souhaitent am\u00e9liorer leurs connaissances et leurs comp\u00e9tences au plus haut niveau certifiable, et les qualifie pour enseigner des ateliers Reiki et certifier des praticiens Reiki \u00e0 diff\u00e9rents niveaux. Ce niveau est essentiellement r\u00e9serv\u00e9 aux personnes qui souhaitent &hellip; <\/p>\n<p class=\"link-more\"><a href=\"https:\/\/reiki.sereconnecteralavie.com\/index.php\/quest-ce-que-le-reiki\/reiki-shihan\/\" class=\"more-link\">Continuer la lecture<span class=\"screen-reader-text\"> de &laquo;&nbsp;REIKI Shihan&nbsp;&raquo;<\/span><\/a><\/p>\n","protected":false},"author":1,"featured_media":0,"parent":45,"menu_order":0,"comment_status":"closed","ping_status":"closed","template":"","meta":{"footnotes":""},"class_list":["post-525","page","type-page","status-publish","hentry"],"_links":{"self":[{"href":"https:\/\/reiki.sereconnecteralavie.com\/index.php\/wp-json\/wp\/v2\/pages\/525","targetHints":{"allow":["GET"]}}],"collection":[{"href":"https:\/\/reiki.sereconnecteralavie.com\/index.php\/wp-json\/wp\/v2\/pages"}],"about":[{"href":"https:\/\/reiki.sereconnecteralavie.com\/index.php\/wp-json\/wp\/v2\/types\/page"}],"author":[{"embeddable":true,"href":"https:\/\/reiki.sereconnecteralavie.com\/index.php\/wp-json\/wp\/v2\/users\/1"}],"replies":[{"embeddable":true,"href":"https:\/\/reiki.sereconnecteralavie.com\/index.php\/wp-json\/wp\/v2\/comments?post=525"}],"version-history":[{"count":16,"href":"https:\/\/reiki.sereconnecteralavie.com\/index.php\/wp-json\/wp\/v2\/pages\/525\/revisions"}],"predecessor-version":[{"id":560,"href":"https:\/\/reiki.sereconnecteralavie.com\/index.php\/wp-json\/wp\/v2\/pages\/525\/revisions\/560"}],"up":[{"embeddable":true,"href":"https:\/\/reiki.sereconnecteralavie.com\/index.php\/wp-json\/wp\/v2\/pages\/45"}],"wp:attachment":[{"href":"https:\/\/reiki.sereconnecteralavie.com\/index.php\/wp-json\/wp\/v2\/media?parent=525"}],"curies":[{"name":"wp","href":"https:\/\/api.w.org\/{rel}","templated":true}]}}