	{"id":76,"date":"2023-02-27T12:42:31","date_gmt":"2023-02-27T11:42:31","guid":{"rendered":"https:\/\/reiki.sereconnecteralavie.com\/?page_id=76"},"modified":"2023-05-15T19:00:09","modified_gmt":"2023-05-15T17:00:09","slug":"reiki-shoden","status":"publish","type":"page","link":"https:\/\/reiki.sereconnecteralavie.com\/index.php\/quest-ce-que-le-reiki\/reiki-shoden\/","title":{"rendered":"Reiki Shoden"},"content":{"rendered":"\t\t<div data-elementor-type=\"wp-page\" data-elementor-id=\"76\" class=\"elementor elementor-76\">\n\t\t\t\t\t\t<section class=\"elementor-section elementor-top-section elementor-element elementor-element-15366ec2 elementor-section-boxed elementor-section-height-default elementor-section-height-default elementor-invisible\" data-id=\"15366ec2\" data-element_type=\"section\" data-e-type=\"section\" data-settings=\"{&quot;animation&quot;:&quot;bounceInRight&quot;}\">\n\t\t\t\t\t\t<div class=\"elementor-container elementor-column-gap-default\">\n\t\t\t\t\t<div class=\"elementor-column elementor-col-100 elementor-top-column elementor-element elementor-element-13cff9bf\" data-id=\"13cff9bf\" data-element_type=\"column\" data-e-type=\"column\">\n\t\t\t<div class=\"elementor-widget-wrap elementor-element-populated\">\n\t\t\t\t\t\t<div class=\"elementor-element elementor-element-2754d122 elementor-widget elementor-widget-text-editor\" data-id=\"2754d122\" data-element_type=\"widget\" data-e-type=\"widget\" data-widget_type=\"text-editor.default\">\n\t\t\t\t<div class=\"elementor-widget-container\">\n\t\t\t\t\t\t\t\t\t\n<h2 class=\"wp-block-heading\">Reiki Niveau 1<\/h2>\n\n\n<div class=\"wp-block-image\">\n<figure class=\"aligncenter size-full is-resized\"><img decoding=\"async\" src=\"https:\/\/reiki.sereconnecteralavie.com\/wp-content\/uploads\/2023\/02\/Reiki1.jpg\" alt=\"\" class=\"wp-image-140\" width=\"280\" height=\"145\"\/><\/figure>\n<\/div>\n\n\n<p><strong>\u00ab&nbsp;Energie Universelle de Vie&nbsp;\u00bb<\/strong> <strong><em>SHODEN<\/em><\/strong><\/p>\n\n\n\n<p>Pour l&rsquo; enseignement au Reiki 1, <strong>quatre <\/strong>I<strong>nitiations<\/strong> aux \u00e9nergies sont pratiqu\u00e9es sur chaque \u00e9l\u00e8ve par le Ma\u00eetre. Ces quatre temps sont essentiels durant ce stage et ne sont effectifs qu&rsquo;en pr\u00e9sentiel.<\/p>\n\n\n\n<p>Lors de ces journ\u00e9es, on y apprend  comment se connecter, comment s&rsquo;ancrer, comment m\u00e9diter pour savoir<strong> amener l&rsquo;\u00e9nergie universelle en Soi<\/strong> ; la d\u00e9couverte des sept chakras et l&rsquo;apprentissage  des auto-soins de m\u00eame qu&rsquo;apprendre \u00e0 faire un soin complet \u00e0 une personne : blessures, br\u00fblures, douleurs, divers maux de tout genre\u2026<\/p>\n\n\n\n<p>En niveau I, le travail sur soi se r\u00e9alise sur<strong> les corps physique et \u00e9nerg\u00e9tique<\/strong> avec l\u2019ouverture du 1<sup>er<\/sup>, du 2<sup>nd<\/sup> chakra et l\u2019\u00e9veil des autres chakras. L\u2019objectif est de commencer \u00e0 \u00ab<strong>&nbsp;sentir<\/strong>&nbsp;\u00bb.<\/p>\n\t\t\t\t\t\t\t\t<\/div>\n\t\t\t\t<\/div>\n\t\t\t\t\t<\/div>\n\t\t<\/div>\n\t\t\t\t\t<\/div>\n\t\t<\/section>\n\t\t\t\t<\/div>\n\t\t","protected":false},"excerpt":{"rendered":"<p>Reiki Niveau 1 \u00ab&nbsp;Energie Universelle de Vie&nbsp;\u00bb SHODEN Pour l&rsquo; enseignement au Reiki 1, quatre Initiations aux \u00e9nergies sont pratiqu\u00e9es sur chaque \u00e9l\u00e8ve par le Ma\u00eetre. Ces quatre temps sont essentiels durant ce stage et ne sont effectifs qu&rsquo;en pr\u00e9sentiel. Lors de ces journ\u00e9es, on y apprend comment se connecter, comment s&rsquo;ancrer, comment m\u00e9diter pour &hellip; <\/p>\n<p class=\"link-more\"><a href=\"https:\/\/reiki.sereconnecteralavie.com\/index.php\/quest-ce-que-le-reiki\/reiki-shoden\/\" class=\"more-link\">Continuer la lecture<span class=\"screen-reader-text\"> de &laquo;&nbsp;Reiki Shoden&nbsp;&raquo;<\/span><\/a><\/p>\n","protected":false},"author":2,"featured_media":0,"parent":45,"menu_order":0,"comment_status":"closed","ping_status":"closed","template":"","meta":{"footnotes":""},"class_list":["post-76","page","type-page","status-publish","hentry"],"_links":{"self":[{"href":"https:\/\/reiki.sereconnecteralavie.com\/index.php\/wp-json\/wp\/v2\/pages\/76","targetHints":{"allow":["GET"]}}],"collection":[{"href":"https:\/\/reiki.sereconnecteralavie.com\/index.php\/wp-json\/wp\/v2\/pages"}],"about":[{"href":"https:\/\/reiki.sereconnecteralavie.com\/index.php\/wp-json\/wp\/v2\/types\/page"}],"author":[{"embeddable":true,"href":"https:\/\/reiki.sereconnecteralavie.com\/index.php\/wp-json\/wp\/v2\/users\/2"}],"replies":[{"embeddable":true,"href":"https:\/\/reiki.sereconnecteralavie.com\/index.php\/wp-json\/wp\/v2\/comments?post=76"}],"version-history":[{"count":1,"href":"https:\/\/reiki.sereconnecteralavie.com\/index.php\/wp-json\/wp\/v2\/pages\/76\/revisions"}],"predecessor-version":[{"id":436,"href":"https:\/\/reiki.sereconnecteralavie.com\/index.php\/wp-json\/wp\/v2\/pages\/76\/revisions\/436"}],"up":[{"embeddable":true,"href":"https:\/\/reiki.sereconnecteralavie.com\/index.php\/wp-json\/wp\/v2\/pages\/45"}],"wp:attachment":[{"href":"https:\/\/reiki.sereconnecteralavie.com\/index.php\/wp-json\/wp\/v2\/media?parent=76"}],"curies":[{"name":"wp","href":"https:\/\/api.w.org\/{rel}","templated":true}]}}