	{"id":81,"date":"2023-02-27T12:46:00","date_gmt":"2023-02-27T11:46:00","guid":{"rendered":"https:\/\/reiki.sereconnecteralavie.com\/?page_id=81"},"modified":"2023-05-15T18:59:59","modified_gmt":"2023-05-15T16:59:59","slug":"reiki-shinpiden","status":"publish","type":"page","link":"https:\/\/reiki.sereconnecteralavie.com\/index.php\/quest-ce-que-le-reiki\/reiki-shinpiden\/","title":{"rendered":"Reiki Shinpiden"},"content":{"rendered":"\t\t<div data-elementor-type=\"wp-page\" data-elementor-id=\"81\" class=\"elementor elementor-81\">\n\t\t\t\t\t\t<section class=\"elementor-section elementor-top-section elementor-element elementor-element-3f160cb elementor-section-boxed elementor-section-height-default elementor-section-height-default elementor-invisible\" data-id=\"3f160cb\" data-element_type=\"section\" data-e-type=\"section\" data-settings=\"{&quot;animation&quot;:&quot;bounceInDown&quot;}\">\n\t\t\t\t\t\t<div class=\"elementor-container elementor-column-gap-default\">\n\t\t\t\t\t<div class=\"elementor-column elementor-col-100 elementor-top-column elementor-element elementor-element-59c4550\" data-id=\"59c4550\" data-element_type=\"column\" data-e-type=\"column\">\n\t\t\t<div class=\"elementor-widget-wrap elementor-element-populated\">\n\t\t\t\t\t\t<div class=\"elementor-element elementor-element-744aaab elementor-widget elementor-widget-text-editor\" data-id=\"744aaab\" data-element_type=\"widget\" data-e-type=\"widget\" data-widget_type=\"text-editor.default\">\n\t\t\t\t<div class=\"elementor-widget-container\">\n\t\t\t\t\t\t\t\t\t\n<h2 class=\"wp-block-heading\">Reiki Niveau 3<\/h2>\n\n\n<div class=\"wp-block-image\">\n<figure class=\"aligncenter size-full is-resized\"><img decoding=\"async\" src=\"https:\/\/reiki.sereconnecteralavie.com\/wp-content\/uploads\/2023\/02\/Reiki-3.jpg\" alt=\"\" class=\"wp-image-216\" width=\"280\" height=\"145\"\/><\/figure>\n<\/div>\n\n\n<p>\u00ab\u00a0<strong> Energie Universelle de Vie \u00a0\u00bb SHINPIDEN<\/strong><\/p>\n\n\n\n<p>Pour l\u2019 enseignement au Reiki 3,&nbsp;<strong>quatre&nbsp;<\/strong>I<strong>nitiations<\/strong>&nbsp;aux \u00e9nergies sont pratiqu\u00e9es sur chaque \u00e9l\u00e8ve par le Ma\u00eetre. Ces quatre temps sont essentiels durant ce stage et ne sont effectifs qu\u2019en pr\u00e9sentiel.<\/p>\n\n\n\n<p>Le niveau 3  permet<strong> de faire un travail sur soi approfondi, il travaille sur notre propre gu\u00e9rison<\/strong>. Il agit en profondeur sur notre esprit et influence consid\u00e9rablement notre vision du monde. C&rsquo;est une ouverture vers la&nbsp;<strong>spiritualit\u00e9<\/strong>. <\/p>\n\n\n\n<p>Ce&nbsp;<strong>niveau 3 Reiki<\/strong>&nbsp;apporte une&nbsp;<strong>\u00e9l\u00e9vation spirituelle <\/strong>importante, des capacit\u00e9s de&nbsp;<strong>gu\u00e9rison tr\u00e8s puissantes<\/strong>. Il faut \u00eatre \u00e0 la hauteur de ce potentiel dans la vie de tous les jours. C&rsquo;est un mode de vie \u00e0 adopter au quotidien, l&rsquo;<strong>harmonisation du niveau 3 Reiki<\/strong>&nbsp;apporte une \u00e9l\u00e9vation dans le domaine <strong>physique<\/strong>,&nbsp;<strong>psychique<\/strong>,&nbsp;<strong>\u00e9motionnel<\/strong>&nbsp;et&nbsp;<strong>spirituel<\/strong>.<br><\/p>\n\t\t\t\t\t\t\t\t<\/div>\n\t\t\t\t<\/div>\n\t\t\t\t\t<\/div>\n\t\t<\/div>\n\t\t\t\t\t<\/div>\n\t\t<\/section>\n\t\t\t\t<\/div>\n\t\t","protected":false},"excerpt":{"rendered":"<p>Reiki Niveau 3 \u00ab\u00a0 Energie Universelle de Vie \u00a0\u00bb SHINPIDEN Pour l\u2019 enseignement au Reiki 3,&nbsp;quatre&nbsp;Initiations&nbsp;aux \u00e9nergies sont pratiqu\u00e9es sur chaque \u00e9l\u00e8ve par le Ma\u00eetre. Ces quatre temps sont essentiels durant ce stage et ne sont effectifs qu\u2019en pr\u00e9sentiel. Le niveau 3 permet de faire un travail sur soi approfondi, il travaille sur notre propre &hellip; <\/p>\n<p class=\"link-more\"><a href=\"https:\/\/reiki.sereconnecteralavie.com\/index.php\/quest-ce-que-le-reiki\/reiki-shinpiden\/\" class=\"more-link\">Continuer la lecture<span class=\"screen-reader-text\"> de &laquo;&nbsp;Reiki Shinpiden&nbsp;&raquo;<\/span><\/a><\/p>\n","protected":false},"author":2,"featured_media":0,"parent":45,"menu_order":0,"comment_status":"closed","ping_status":"closed","template":"","meta":{"footnotes":""},"class_list":["post-81","page","type-page","status-publish","hentry"],"_links":{"self":[{"href":"https:\/\/reiki.sereconnecteralavie.com\/index.php\/wp-json\/wp\/v2\/pages\/81","targetHints":{"allow":["GET"]}}],"collection":[{"href":"https:\/\/reiki.sereconnecteralavie.com\/index.php\/wp-json\/wp\/v2\/pages"}],"about":[{"href":"https:\/\/reiki.sereconnecteralavie.com\/index.php\/wp-json\/wp\/v2\/types\/page"}],"author":[{"embeddable":true,"href":"https:\/\/reiki.sereconnecteralavie.com\/index.php\/wp-json\/wp\/v2\/users\/2"}],"replies":[{"embeddable":true,"href":"https:\/\/reiki.sereconnecteralavie.com\/index.php\/wp-json\/wp\/v2\/comments?post=81"}],"version-history":[{"count":1,"href":"https:\/\/reiki.sereconnecteralavie.com\/index.php\/wp-json\/wp\/v2\/pages\/81\/revisions"}],"predecessor-version":[{"id":435,"href":"https:\/\/reiki.sereconnecteralavie.com\/index.php\/wp-json\/wp\/v2\/pages\/81\/revisions\/435"}],"up":[{"embeddable":true,"href":"https:\/\/reiki.sereconnecteralavie.com\/index.php\/wp-json\/wp\/v2\/pages\/45"}],"wp:attachment":[{"href":"https:\/\/reiki.sereconnecteralavie.com\/index.php\/wp-json\/wp\/v2\/media?parent=81"}],"curies":[{"name":"wp","href":"https:\/\/api.w.org\/{rel}","templated":true}]}}